{"id":23,"date":"2022-09-17T21:51:20","date_gmt":"2022-09-17T21:51:20","guid":{"rendered":"https:\/\/womo-insider.de\/?page_id=23"},"modified":"2022-09-18T17:28:55","modified_gmt":"2022-09-18T17:28:55","slug":"kontakt","status":"publish","type":"page","link":"https:\/\/womo-insider.de\/?page_id=23","title":{"rendered":"Impressum"},"content":{"rendered":"\n<p>Dr. Christine Santner<br>Lu\u00dfhardtstra\u00dfe 29<br>68804 Altlu\u00dfheim<\/p>\n\n\n\n<p>Sie erreichen mich unter: Tina@WoMo-Insider.de<\/p>\n","protected":false},"excerpt":{"rendered":"<p>Dr. Christine SantnerLu\u00dfhardtstra\u00dfe 2968804 Altlu\u00dfheim Sie erreichen mich unter: Tina@WoMo-Insider.de<\/p>\n","protected":false},"author":1,"featured_media":18,"parent":0,"menu_order":0,"comment_status":"closed","ping_status":"closed","template":"","meta":{"footnotes":""},"class_list":["post-23","page","type-page","status-publish","has-post-thumbnail","hentry"],"_links":{"self":[{"href":"https:\/\/womo-insider.de\/index.php?rest_route=\/wp\/v2\/pages\/23","targetHints":{"allow":["GET"]}}],"collection":[{"href":"https:\/\/womo-insider.de\/index.php?rest_route=\/wp\/v2\/pages"}],"about":[{"href":"https:\/\/womo-insider.de\/index.php?rest_route=\/wp\/v2\/types\/page"}],"author":[{"embeddable":true,"href":"https:\/\/womo-insider.de\/index.php?rest_route=\/wp\/v2\/users\/1"}],"replies":[{"embeddable":true,"href":"https:\/\/womo-insider.de\/index.php?rest_route=%2Fwp%2Fv2%2Fcomments&post=23"}],"version-history":[{"count":3,"href":"https:\/\/womo-insider.de\/index.php?rest_route=\/wp\/v2\/pages\/23\/revisions"}],"predecessor-version":[{"id":259,"href":"https:\/\/womo-insider.de\/index.php?rest_route=\/wp\/v2\/pages\/23\/revisions\/259"}],"wp:featuredmedia":[{"embeddable":true,"href":"https:\/\/womo-insider.de\/index.php?rest_route=\/wp\/v2\/media\/18"}],"wp:attachment":[{"href":"https:\/\/womo-insider.de\/index.php?rest_route=%2Fwp%2Fv2%2Fmedia&parent=23"}],"curies":[{"name":"wp","href":"https:\/\/api.w.org\/{rel}","templated":true}]}}